{"id":3,"date":"2018-07-18T09:21:06","date_gmt":"2018-07-18T09:21:06","guid":{"rendered":"http:\/\/chogal.es\/web\/?page_id=3"},"modified":"2026-02-17T17:23:26","modified_gmt":"2026-02-17T15:23:26","slug":"politica-privacidad","status":"publish","type":"page","link":"https:\/\/chogal.es\/web\/politica-privacidad\/","title":{"rendered":"Pol\u00edtica de privacidad"},"content":{"rendered":"<p>[vc_row][vc_column][vc_column_text]<\/p>\n<h1 style=\"text-align: center;\"><strong><u>Aviso Legal<\/u><\/strong><\/h1>\n<p>&nbsp;<\/p>\n<p><strong>CHOGAL S.L.U.,<\/strong> en cumplimiento de la Ley 34\/2002, de 11 de julio, de Servicios de la Sociedad de la Informaci\u00f3n y de Comercio Electr\u00f3nico, le informa de que:<\/p>\n<ul>\n<li>Su denominaci\u00f3n social es <strong>CHOGAL, S.L.U.<\/strong><\/li>\n<li>Su <strong>NIF es B75725929<\/strong>.<\/li>\n<li>Su domicilio se ubica en Outeiro Do Ferro, 69, 36380, Gondomar (Pontevedra) Espa\u00f1a.<\/li>\n<li>Su tel\u00e9fono de contacto es 986 16 77 80.<\/li>\n<li>Est\u00e1 inscrita en el <em><strong>Registro Mercantil de Pontevedra, Folio 148, Libro 2543, Inscripci\u00f3n 1\u00aa, Hoja PO-26990<\/strong><\/em> .<\/li>\n<li>Dispone de la siguiente direcci\u00f3n de correo electr\u00f3nico de\u00a0contacto\u00a0<a href=\"mailto:info@chogal.es\"><em>info@chogal.es<\/em><\/a><\/li>\n<\/ul>\n<p>&nbsp;<\/p>\n<h1 style=\"text-align: center;\"><strong><u>Pol\u00edtica de privacidad<\/u><\/strong><\/h1>\n<p>&nbsp;<\/p>\n<p>Los datos personales vinculados a esta web respetan las exigencias del Reglamento (UE) 2016\/679 RGPD y LOPDGDD 3\/2018.<\/p>\n<h3><strong>\u00bfQui\u00e9n es el Responsable del tratamiento?<\/strong><\/h3>\n<ul>\n<li><strong>CHOGAL, S.L.U.<\/strong><\/li>\n<li>NIF: <strong>B75725929<\/strong><\/li>\n<li>Direcci\u00f3n: Outeiro Do Ferro, 69, 36380, Gondomar (Pontevedra) Espa\u00f1a<\/li>\n<li>Tel\u00e9fono: <strong>986 16 77 80<\/strong><\/li>\n<li>Correo electr\u00f3nico: <strong>info@chogal.es<\/strong><\/li>\n<\/ul>\n<p>&nbsp;<\/p>\n<h3><strong>\u00bfCu\u00e1l es la finalidad y la legitimaci\u00f3n con las que tratamos sus datos?<\/strong><\/h3>\n<p>Gestionar las solicitudes de informaci\u00f3n, dudas, consultas, sugerencias o quejas que se plantean a trav\u00e9s del formulario de \u201cContacto\u201d y del resto de medios habilitados en la web para contactar con la entidad. Podemos tratar sus datos con esta finalidad porque tenemos un inter\u00e9s leg\u00edtimo en atender a las comunicaciones necesarias para llevar a cabo nuestra actividad.<\/p>\n<p>&nbsp;<\/p>\n<h3><strong>\u00bf<\/strong><strong>A qu\u00e9 destinatarios se comunicar\u00e1n sus datos?<\/strong><\/h3>\n<p>Se comunicar\u00e1n sus datos a nuestros encargados de tratamiento cuando sea necesario para la correcta prestaci\u00f3n de los servicios contratados a los mismos.<\/p>\n<p>&nbsp;<\/p>\n<h3><strong>\u00bfSe realizar\u00e1n transferencias internacionales de datos?<\/strong><\/h3>\n<p>No se realizar\u00e1n transferencias internacionales de datos.<\/p>\n<p>&nbsp;<\/p>\n<h3><strong>\u00bfCu\u00e1les son sus derechos cuando nos facilita sus datos personales?<\/strong><\/h3>\n<ul>\n<li><strong><em>Acceso<\/em><\/strong>: derecho a obtener confirmaci\u00f3n sobre si estamos tratando datos personales suyos o no, a saber, cu\u00e1les son, para que se usan, cuanto tiempo se van a guardar, el origen de los mismos y si se han comunicado o se van a comunicar a un tercero.<\/li>\n<li><strong><em>Rectificaci\u00f3n<\/em><\/strong>: derecho a solicitar la rectificaci\u00f3n de los datos inexactos y a que se completen los datos personales incompletos..<\/li>\n<li><strong><em>Supresi\u00f3n<\/em><\/strong>: derecho a solicitar la supresi\u00f3n de los datos de car\u00e1cter personal cuando sean inadecuados, excesivos o ya no sean necesarios para los fines para los que fueron recogidos, incluido el derecho al olvido.<\/li>\n<li><strong><em>Oposici\u00f3n<\/em><\/strong>: derecho a oponerse, en determinadas circunstancias, a que se realice el tratamiento de sus datos personales o a solicitar que se cese en el tratamiento.<\/li>\n<li><strong><em>Limitaci\u00f3n del Tratamiento<\/em><\/strong>: derecho a solicitar, en las circunstancias establecidas legalmente, que no se traten sus datos m\u00e1s all\u00e1 de la mera conservaci\u00f3n de los mismos.<\/li>\n<li><strong><em>Portabilidad<\/em><\/strong>: derecho a recibir los datos de car\u00e1cter personal en un formato estructurado, de uso com\u00fan y lectura mec\u00e1nica, y poder transmitirlos a otro responsable, siempre que sea t\u00e9cnicamente posible.<\/li>\n<\/ul>\n<p>&nbsp;<\/p>\n<h3><strong>\u00bfD\u00f3nde podr\u00e1 ejercitar sus derechos?<\/strong><\/h3>\n<p>El ejercicio de derechos deber\u00e1 efectuarse por escrito, dirigi\u00e9ndose a Outeiro Do Ferro, 69, 36380, Gondomar o al correo electr\u00f3nico info@chogal.es. CHOGAL, S.L.U. pone a su disposici\u00f3n modelos para la realizaci\u00f3n del ejercicio de derechos que pueden obtenerse en la direcci\u00f3n indicada o a trav\u00e9s del correo electr\u00f3nico indicado anteriormente. Para m\u00e1s informaci\u00f3n: <a href=\"http:\/\/www.aepd.es\">www.aepd.es<\/a>.<\/p>\n<p>&nbsp;<\/p>\n<h3><strong>\u00bfDerecho de reclamaci\u00f3n ante la Autoridad de Control?<\/strong><\/h3>\n<p>En el caso de que no se hayan respetado sus derechos puede presentar una reclamaci\u00f3n dirigi\u00e9ndose por escrito a la <strong>Agencia Espa\u00f1ola de Protecci\u00f3n de Datos<\/strong> sita en la <strong>calle Jorge Juan, 6-28001-Madrid<\/strong> o utilizar la sede electr\u00f3nica: <a href=\"https:\/\/sedeagpd.gob\">https:\/\/sedeagpd.gob<\/a>. En ambos casos, deber\u00e1 acompa\u00f1ar la documentaci\u00f3n pertinente..<\/p>\n<p>&nbsp;[\/vc_column_text][\/vc_column][\/vc_row]<\/p>\n","protected":false},"excerpt":{"rendered":"<p>[vc_row][vc_column][vc_column_text] Aviso Legal &nbsp; CHOGAL S.L.U., en cumplimiento de la Ley 34\/2002, de 11 de julio, de Servicios de la Sociedad de la Informaci\u00f3n y de<span class=\"excerpt-hellip\"> [\u2026]<\/span><\/p>\n","protected":false},"author":1,"featured_media":0,"parent":0,"menu_order":0,"comment_status":"closed","ping_status":"open","template":"","meta":{"footnotes":""},"_links":{"self":[{"href":"https:\/\/chogal.es\/web\/wp-json\/wp\/v2\/pages\/3"}],"collection":[{"href":"https:\/\/chogal.es\/web\/wp-json\/wp\/v2\/pages"}],"about":[{"href":"https:\/\/chogal.es\/web\/wp-json\/wp\/v2\/types\/page"}],"author":[{"embeddable":true,"href":"https:\/\/chogal.es\/web\/wp-json\/wp\/v2\/users\/1"}],"replies":[{"embeddable":true,"href":"https:\/\/chogal.es\/web\/wp-json\/wp\/v2\/comments?post=3"}],"version-history":[{"count":14,"href":"https:\/\/chogal.es\/web\/wp-json\/wp\/v2\/pages\/3\/revisions"}],"predecessor-version":[{"id":766,"href":"https:\/\/chogal.es\/web\/wp-json\/wp\/v2\/pages\/3\/revisions\/766"}],"wp:attachment":[{"href":"https:\/\/chogal.es\/web\/wp-json\/wp\/v2\/media?parent=3"}],"curies":[{"name":"wp","href":"https:\/\/api.w.org\/{rel}","templated":true}]}}